{"id":1157,"date":"2016-11-30T09:20:24","date_gmt":"2016-11-30T09:20:24","guid":{"rendered":"http:\/\/voicenorthants.local\/myvoice\/?page_id=1157"},"modified":"2016-12-21T10:11:56","modified_gmt":"2016-12-21T10:11:56","slug":"wsparcie-i-inne-uslugi","status":"publish","type":"page","link":"https:\/\/www.voicenorthants.org\/myvoice\/wsparcie-i-inne-uslugi\/","title":{"rendered":"Wsparcie i inne us\u0142ugi"},"content":{"rendered":"<h2 class=\"p1\"><span class=\"s1\" style=\"color: #00acf2;\">Voice to organizacja, kt\u00f3rej celem jest niesienie pomocy i wsparcia osobom dotkni\u0119tym przest\u0119pstwem, niezale\u017cnie od tego, czy zg\u0142osi\u0142y si\u0119 na policj\u0119.<\/span><\/h2>\n<p><img loading=\"lazy\" class=\"alignnone size-full wp-image-420\" src=\"http:\/\/voicenorthants.local\/myvoice\/wp-content\/uploads\/2016\/09\/voice-logo.png\" alt=\"voice-logo\" width=\"358\" height=\"242\" srcset=\"https:\/\/www.voicenorthants.org\/myvoice\/wp-content\/uploads\/2016\/09\/voice-logo.png 358w, https:\/\/www.voicenorthants.org\/myvoice\/wp-content\/uploads\/2016\/09\/voice-logo-300x203.png 300w\" sizes=\"(max-width: 358px) 85vw, 358px\" \/><br \/>\n<a class=\"top-tel\" href=\"tel:03003031965\">0300 303 1965<\/a><a class=\"top-mail\" href=\"mailto:info@voicenorthants.org\">info@voicenorthants.org<\/a><\/p>\n<p>Sprawd\u017a, kt\u00f3re us\u0142ugi wsparcia s\u0105 odpowiednie dla Ciebie<\/p>\n<div class=\"helpful-block-content wth-theme-thumbs\" data-title=\"\" >\n<ul>\n<li><span class=\"wth-title\">Did you find this page helpful?<\/span><\/li>\n<li><a data-post=\"1157\" data-post-url=\"https:\/\/www.voicenorthants.org\/myvoice\/wsparcie-i-inne-uslugi\/\" data-post-title=\"Wsparcie i inne us\u0142ugi\" data-response=\"1\" href=\"#\" class=\"wth-green-btn icon-thumbsup\">Yes<\/a>&nbsp; &nbsp;<a data-response=\"0\" data-post=\"1157\" data-post-url=\"https:\/\/www.voicenorthants.org\/myvoice\/wsparcie-i-inne-uslugi\/\" data-post-title=\"Wsparcie i inne us\u0142ugi\" href=\"#\" class=\"wth-red-btn icon-thumbsdown\">No<\/a><\/li>\n<\/ul>\n<\/div>","protected":false},"excerpt":{"rendered":"<p>Voice to organizacja, kt\u00f3rej celem jest niesienie pomocy i wsparcia osobom dotkni\u0119tym przest\u0119pstwem, niezale\u017cnie od tego, czy zg\u0142osi\u0142y si\u0119 na policj\u0119. 0300 303 1965info@voicenorthants.org Sprawd\u017a, kt\u00f3re us\u0142ugi wsparcia s\u0105 odpowiednie dla Ciebie Did you find this page helpful? Yes&nbsp; &nbsp;No<\/p>\n","protected":false},"author":1,"featured_media":1333,"parent":0,"menu_order":0,"comment_status":"closed","ping_status":"closed","template":"template-parts\/support-pl.php","meta":[],"aioseo_notices":[],"_links":{"self":[{"href":"https:\/\/www.voicenorthants.org\/myvoice\/wp-json\/wp\/v2\/pages\/1157"}],"collection":[{"href":"https:\/\/www.voicenorthants.org\/myvoice\/wp-json\/wp\/v2\/pages"}],"about":[{"href":"https:\/\/www.voicenorthants.org\/myvoice\/wp-json\/wp\/v2\/types\/page"}],"author":[{"embeddable":true,"href":"https:\/\/www.voicenorthants.org\/myvoice\/wp-json\/wp\/v2\/users\/1"}],"replies":[{"embeddable":true,"href":"https:\/\/www.voicenorthants.org\/myvoice\/wp-json\/wp\/v2\/comments?post=1157"}],"version-history":[{"count":3,"href":"https:\/\/www.voicenorthants.org\/myvoice\/wp-json\/wp\/v2\/pages\/1157\/revisions"}],"predecessor-version":[{"id":1338,"href":"https:\/\/www.voicenorthants.org\/myvoice\/wp-json\/wp\/v2\/pages\/1157\/revisions\/1338"}],"wp:featuredmedia":[{"embeddable":true,"href":"https:\/\/www.voicenorthants.org\/myvoice\/wp-json\/wp\/v2\/media\/1333"}],"wp:attachment":[{"href":"https:\/\/www.voicenorthants.org\/myvoice\/wp-json\/wp\/v2\/media?parent=1157"}],"curies":[{"name":"wp","href":"https:\/\/api.w.org\/{rel}","templated":true}]}}